{"id":76,"date":"2024-08-11T12:22:36","date_gmt":"2024-08-11T12:22:36","guid":{"rendered":"https:\/\/zauberpfoten-spuernasen.de\/?page_id=76"},"modified":"2025-02-19T18:03:45","modified_gmt":"2025-02-19T17:03:45","slug":"impressum","status":"publish","type":"page","link":"https:\/\/zauberpfoten-spuernasen.de\/?page_id=76","title":{"rendered":"Impressum"},"content":{"rendered":"\t\t<div data-elementor-type=\"wp-page\" data-elementor-id=\"76\" class=\"elementor elementor-76\" data-elementor-post-type=\"page\">\n\t\t\t\t<div class=\"elementor-element elementor-element-8c0edc6 e-flex e-con-boxed e-con e-parent\" data-id=\"8c0edc6\" data-element_type=\"container\" data-e-type=\"container\">\n\t\t\t\t\t<div class=\"e-con-inner\">\n\t\t\t\t<div class=\"elementor-element elementor-element-517675d elementor-widget elementor-widget-text-editor\" data-id=\"517675d\" data-element_type=\"widget\" data-e-type=\"widget\" data-widget_type=\"text-editor.default\">\n\t\t\t\t<div class=\"elementor-widget-container\">\n\t\t\t\t\t\t\t\t\t<section style=\"flex-basis: var(--flex-basis); -webkit-box-flex: var(--flex-grow); flex-grow: var(--flex-grow); flex-shrink: var(--flex-shrink); -webkit-box-ordinal-group: var(--order); order: var(--order); align-self: var(--align-self); color: #333333; font-family: -apple-system, BlinkMacSystemFont, 'Segoe UI', Roboto, 'Helvetica Neue', Arial, 'Noto Sans', sans-serif, 'Apple Color Emoji', 'Segoe UI Emoji', 'Segoe UI Symbol', 'Noto Color Emoji';\" data-id=\"0c889a1\" data-element_type=\"section\">\n<div style=\"flex-basis: var(--flex-basis); -webkit-box-flex: var(--flex-grow); flex-grow: var(--flex-grow); flex-shrink: var(--flex-shrink); -webkit-box-ordinal-group: var(--order); order: var(--order); align-self: var(--align-self); --widgets-spacing: 20px; width: 1140px;\" data-id=\"1390fc0\" data-element_type=\"column\">\n<div style=\"width: 1140px;\">\n<div style=\"flex-basis: var(--flex-basis); -webkit-box-flex: var(--flex-grow); flex-grow: var(--flex-grow); flex-shrink: var(--flex-shrink); -webkit-box-ordinal-group: var(--order); order: var(--order); align-self: var(--align-self); -webkit-box-orient: vertical; -webkit-box-direction: normal; flex-direction: var(--flex-direction); flex-wrap: var(--flex-wrap); -webkit-box-pack: var(--justify-content); justify-content: var(--justify-content); -webkit-box-align: var(--align-items); align-items: var(--align-items); align-content: var(--align-content); gap: var(--gap); --widgets-spacing: 20px; width: 1120px;\" data-id=\"31bc959\" data-element_type=\"widget\" data-widget_type=\"heading.default\">\n<div style=\"transition: background 0.3s ease 0s, border 0.3s ease 0s, border-radius 0.3s ease 0s, box-shadow 0.3s ease 0s, -webkit-box-shadow 0.3s ease 0s; margin: 20px 0px 40px 120px;\">\n<h2 style=\"font-family: var( --e-global-typography-primary-font-family ), Sans-serif;\"><span style=\"font-family: Rosario, sans-serif; text-align: justify; color: #000000; font-size: 1rem;\">Copyright Janina Wilckens 2025<\/span><\/h2>\n<\/div>\n<\/div>\n<\/div>\n<\/div>\n<\/section>\n<section style=\"flex-basis: var(--flex-basis); -webkit-box-flex: var(--flex-grow); flex-grow: var(--flex-grow); flex-shrink: var(--flex-shrink); -webkit-box-ordinal-group: var(--order); order: var(--order); align-self: var(--align-self); color: #333333; font-family: -apple-system, BlinkMacSystemFont, 'Segoe UI', Roboto, 'Helvetica Neue', Arial, 'Noto Sans', sans-serif, 'Apple Color Emoji', 'Segoe UI Emoji', 'Segoe UI Symbol', 'Noto Color Emoji';\" data-id=\"2b5c4f5\" data-element_type=\"section\">\n<div style=\"flex-basis: var(--flex-basis); -webkit-box-flex: var(--flex-grow); flex-grow: var(--flex-grow); flex-shrink: var(--flex-shrink); -webkit-box-ordinal-group: var(--order); order: var(--order); align-self: var(--align-self); --widgets-spacing: 20px; width: 1140px;\" data-id=\"7d2aa95\" data-element_type=\"column\">\n<div style=\"width: 1140px;\">\n<div style=\"flex-basis: var(--flex-basis); -webkit-box-flex: var(--flex-grow); flex-grow: var(--flex-grow); flex-shrink: var(--flex-shrink); -webkit-box-ordinal-group: var(--order); order: var(--order); align-self: var(--align-self); -webkit-box-orient: vertical; -webkit-box-direction: normal; flex-direction: var(--flex-direction); flex-wrap: var(--flex-wrap); -webkit-box-pack: var(--justify-content); justify-content: var(--justify-content); -webkit-box-align: var(--align-items); align-items: var(--align-items); align-content: var(--align-content); gap: var(--gap); --widgets-spacing: 20px; color: #000000; font-family: var( --e-global-typography-text-font-family ), Sans-serif; width: 1120px;\" data-id=\"47ab619\" data-element_type=\"widget\" data-widget_type=\"text-editor.default\">\n<div style=\"transition: background 0.3s ease 0s, border 0.3s ease 0s, border-radius 0.3s ease 0s, box-shadow 0.3s ease 0s, -webkit-box-shadow 0.3s ease 0s; margin: 0px 120px 50px;\">\n<div style=\"font-family: Rosario, sans-serif; text-align: justify;\">&nbsp;<\/div>\n<div style=\"font-family: Rosario, sans-serif; text-align: justify;\">Zauberpfoten &amp; Sp\u00fcrnasen<\/div>\n<div style=\"font-family: Rosario, sans-serif; text-align: justify;\">Janina Wilckens<\/div>\n<div style=\"font-family: Rosario, sans-serif; text-align: justify;\">\n<p>August-M\u00f6ller-Str. 3a<br>29587 Natendorf<\/p>\n<\/div>\n<div style=\"font-family: Rosario, sans-serif; text-align: justify;\">E-Mail: info@zauberpfoten-spuernasen.de<\/div>\n<div style=\"font-family: Rosario, sans-serif; text-align: justify;\">Telefon: +49 157 53370798<\/div>\n<div style=\"font-family: Rosario, sans-serif; text-align: justify;\">&nbsp;<\/div>\n<div style=\"font-family: Rosario, sans-serif; text-align: justify;\">Verantwortliche\/r: Janina Wilckens<\/div>\n<div style=\"font-family: Rosario, sans-serif; text-align: justify;\">&nbsp;<\/div>\n<div style=\"font-family: Rosario, sans-serif; text-align: justify;\">Haftungsausschluss:&nbsp;<\/div>\n<div style=\"font-family: Rosario, sans-serif; text-align: justify;\">Haftung f\u00fcr Inhalte<\/div>\n<div style=\"font-family: Rosario, sans-serif; text-align: justify;\">Die Inhalte meiner Seite wurde mit gr\u00f6\u00dfter Sorgfalt erstellt. F\u00fcr die Richtigkeit, Vollst\u00e4ndigkeit und Aktualit\u00e4t der Inhalte kann ich jedoch keine Gew\u00e4hr \u00fcbernehmen. Als Diensteanbieter bin ich gem\u00e4\u00df \u00a7 7 Abs.1 TMG f\u00fcr eigene Inhalte auf diesen Seiten nach den allgemeinen Gesetzen verantwortlich. Nach \u00a7\u00a7 8 bis 10 TMG bin ich als Diensteanbieter jedoch nicht verpflichtet, \u00fcbermittelte oder gespeicherte fremde Informationen zu \u00fcberwachen oder nach Umst\u00e4nden zu forschen, die auf eine rechtswidrige T\u00e4tigkeit hinweisen. Verpflichtungen zur Entfernung oder Sperrung der Nutzung von Informationen nach den allgemeinen Gesetzen bleiben hiervon unber\u00fchrt. Eine diesbez\u00fcgliche Haftung ist jedoch erst ab dem Zeitpunkt der Kenntnis einer konkreten Rechtsverletzung m\u00f6glich. Bei Bekanntwerden von entsprechenden Rechtsverletzungen werden wir diese Inhalte umgehend entfernen.<\/div>\n<div style=\"font-family: Rosario, sans-serif; text-align: justify;\">&nbsp;<\/div>\n<div style=\"font-family: Rosario, sans-serif; text-align: justify;\">Haftung f\u00fcr Links<\/div>\n<div style=\"font-family: Rosario, sans-serif; text-align: justify;\">Mein Angebot enth\u00e4lt Links zu externen Webseiten Dritter, auf deren Inhalte ich keinen Einfluss habe. Deshalb kann ich f\u00fcr diese fremden Inhalte auch keine Gew\u00e4hr \u00fcbernehmen. F\u00fcr die Inhalte der verlinkten Seiten ist stets der jeweilige Anbieter oder Betreiber der Seiten verantwortlich. Die verlinkten Seiten wurden zum Zeitpunkt der Verlinkung auf m\u00f6gliche Rechtsverst\u00f6\u00dfe \u00fcberpr\u00fcft. Rechtswidrige Inhalte waren zum Zeitpunkt der Verlinkung nicht erkennbar. Eine permanente inhaltliche Kontrolle der verlinkten Seiten ist jedoch ohne konkrete Anhaltspunkte einer Rechtsverletzung nicht zumutbar. Bei Bekanntwerden von Rechtsverletzungen werde ich derartige Links umgehend entfernen.<\/div>\n<div style=\"font-family: Rosario, sans-serif; text-align: justify;\">&nbsp;<\/div>\n<div style=\"font-family: Rosario, sans-serif; text-align: justify;\">Urheberrecht<\/div>\n<div style=\"font-family: Rosario, sans-serif; text-align: justify;\">Die durch die Seitenbetreiber erstellten Inhalte und Werke auf diesen Seiten unterliegen dem deutschen Urheberrecht. Die Vervielf\u00e4ltigung, Bearbeitung, Verbreitung und jede Art der Verwertung au\u00dferhalb der Grenzen des Urheberrechtes bed\u00fcrfen der schriftlichen Zustimmung des jeweiligen Autors bzw. Erstellers. Downloads und Kopien dieser Seite sind nur f\u00fcr den privaten, nicht kommerziellen Gebrauch gestattet. Soweit die Inhalte auf dieser Seite nicht vom Betreiber erstellt wurden, werden die Urheberrechte Dritter beachtet. Insbesondere werden Inhalte Dritter als solche gekennzeichnet. Sollten Sie trotzdem auf eine Urheberrechtsverletzung aufmerksam werden, bitte ich um einen entsprechenden Hinweis. Bei Bekanntwerden von Rechtsverletzungen werde ich derartige Inhalte umgehend entfernen.<\/div>\n<div style=\"font-family: Rosario, sans-serif; text-align: justify;\">&nbsp;<\/div>\n<div style=\"font-family: Rosario, sans-serif; text-align: justify;\">Datenschutz<\/div>\n<div style=\"font-family: Rosario, sans-serif; text-align: justify;\">Die Nutzung meiner Webseite ist in der Regel ohne Angabe personenbezogener Daten m\u00f6glich. Soweit auf meinen Seiten personenbezogene Daten (beispielsweise Name, Anschrift oder eMail-Adressen) erhoben werden, erfolgt dies, soweit m\u00f6glich, stets auf freiwilliger Basis. Diese Daten werden ohne Ihre ausdr\u00fcckliche Zustimmung nicht an Dritte weitergegeben.<br>Wir weisen darauf hin, dass die Daten\u00fcbertragung im Internet (z.B. bei der Kommunikation per E-Mail) Sicherheitsl\u00fccken aufweisen kann. Ein l\u00fcckenloser Schutz der Daten vor dem Zugriff durch Dritte ist nicht m\u00f6glich.<br>Der Nutzung von im Rahmen der Impressumspflicht ver\u00f6ffentlichten Kontaktdaten durch Dritte zur \u00dcbersendung von nicht ausdr\u00fccklich angeforderter Werbung und Informationsmaterialien wird hiermit ausdr\u00fccklich widersprochen. Die Betreiber der Seiten behalten sich ausdr\u00fccklich rechtliche Schritte im Falle der unverlangten Zusendung von Werbeinformationen, etwa durch Spam-Mails, vor<\/div>\n<\/div>\n<\/div>\n<\/div>\n<\/div>\n<\/section>\t\t\t\t\t\t\t\t<\/div>\n\t\t\t\t<\/div>\n\t\t\t\t\t<\/div>\n\t\t\t\t<\/div>\n\t\t\t\t<\/div>\n\t\t","protected":false},"excerpt":{"rendered":"<p>Copyright Janina Wilckens 2025 &nbsp; Zauberpfoten &amp; Sp\u00fcrnasen Janina Wilckens August-M\u00f6ller-Str. 3a29587 Natendorf E-Mail: info@zauberpfoten-spuernasen.de Telefon: +49 157 53370798 &nbsp; Verantwortliche\/r: Janina Wilckens &nbsp; Haftungsausschluss:&nbsp; Haftung f\u00fcr Inhalte Die Inhalte [&hellip;]<\/p>\n","protected":false},"author":1,"featured_media":0,"parent":0,"menu_order":0,"comment_status":"closed","ping_status":"closed","template":"","meta":{"footnotes":""},"class_list":["post-76","page","type-page","status-publish","hentry"],"_links":{"self":[{"href":"https:\/\/zauberpfoten-spuernasen.de\/index.php?rest_route=\/wp\/v2\/pages\/76","targetHints":{"allow":["GET"]}}],"collection":[{"href":"https:\/\/zauberpfoten-spuernasen.de\/index.php?rest_route=\/wp\/v2\/pages"}],"about":[{"href":"https:\/\/zauberpfoten-spuernasen.de\/index.php?rest_route=\/wp\/v2\/types\/page"}],"author":[{"embeddable":true,"href":"https:\/\/zauberpfoten-spuernasen.de\/index.php?rest_route=\/wp\/v2\/users\/1"}],"replies":[{"embeddable":true,"href":"https:\/\/zauberpfoten-spuernasen.de\/index.php?rest_route=%2Fwp%2Fv2%2Fcomments&post=76"}],"version-history":[{"count":10,"href":"https:\/\/zauberpfoten-spuernasen.de\/index.php?rest_route=\/wp\/v2\/pages\/76\/revisions"}],"predecessor-version":[{"id":599,"href":"https:\/\/zauberpfoten-spuernasen.de\/index.php?rest_route=\/wp\/v2\/pages\/76\/revisions\/599"}],"wp:attachment":[{"href":"https:\/\/zauberpfoten-spuernasen.de\/index.php?rest_route=%2Fwp%2Fv2%2Fmedia&parent=76"}],"curies":[{"name":"wp","href":"https:\/\/api.w.org\/{rel}","templated":true}]}}