{"id":462,"date":"2024-12-22T19:15:46","date_gmt":"2024-12-22T18:15:46","guid":{"rendered":"https:\/\/zauberpfoten-spuernasen.de\/?page_id=462"},"modified":"2024-12-22T19:16:42","modified_gmt":"2024-12-22T18:16:42","slug":"die-hundeschule","status":"publish","type":"page","link":"https:\/\/zauberpfoten-spuernasen.de\/?page_id=462","title":{"rendered":"Die Hundeschule"},"content":{"rendered":"\t\t<div data-elementor-type=\"wp-page\" data-elementor-id=\"462\" class=\"elementor elementor-462\" data-elementor-post-type=\"page\">\n\t\t\t\t<div class=\"elementor-element elementor-element-fed5b73 e-flex e-con-boxed e-con e-parent\" data-id=\"fed5b73\" data-element_type=\"container\" data-e-type=\"container\">\n\t\t\t\t\t<div class=\"e-con-inner\">\n\t\t<div class=\"elementor-element elementor-element-d18e4b3 e-con-full e-flex e-con e-child\" data-id=\"d18e4b3\" data-element_type=\"container\" data-e-type=\"container\">\n\t\t\t\t<\/div>\n\t\t<div class=\"elementor-element elementor-element-a961230 e-con-full e-flex e-con e-child\" data-id=\"a961230\" data-element_type=\"container\" data-e-type=\"container\">\n\t\t\t\t<div class=\"elementor-element elementor-element-0db0ae5 elementor-widget elementor-widget-text-editor\" data-id=\"0db0ae5\" data-element_type=\"widget\" data-e-type=\"widget\" data-widget_type=\"text-editor.default\">\n\t\t\t\t<div class=\"elementor-widget-container\">\n\t\t\t\t\t\t\t\t\t<p>Mittlerweile gibt es sehr viele Hundeschulen \/ Hundetrainer in Deutschland. Da stelle ich mir als Hundebesitzer doch ein paar Fragen:<\/p><ul><li>Passt das Team von \u201eZauberpfoten &amp; Sp\u00fcrnasen\u201c zu mir und meinem Hund?<\/li><li>Mit welchen Methoden wird gearbeitet?<\/li><li>Hat die Trainerin die richtige Ausbildung f\u00fcr meine Bed\u00fcrfnisse?<\/li><li>Wieviel Erfahrung im Bereich Hundeausbildung kann ich erwarten?<\/li><\/ul><p>Das sind einige Fragen, mit denen Hundebesitzer in der Vergangenheit an mich herangetreten sind. Nat\u00fcrlich kann ich hier nicht alle Fragen die auftauchen beantworten, aber die Wichtigsten auf jeden Fall.<\/p>\t\t\t\t\t\t\t\t<\/div>\n\t\t\t\t<\/div>\n\t\t\t\t<div class=\"elementor-element elementor-element-fa5ea74 elementor-widget elementor-widget-spacer\" data-id=\"fa5ea74\" data-element_type=\"widget\" data-e-type=\"widget\" data-widget_type=\"spacer.default\">\n\t\t\t\t<div class=\"elementor-widget-container\">\n\t\t\t\t\t\t\t<div class=\"elementor-spacer\">\n\t\t\t<div class=\"elementor-spacer-inner\"><\/div>\n\t\t<\/div>\n\t\t\t\t\t\t<\/div>\n\t\t\t\t<\/div>\n\t\t\t\t<div class=\"elementor-element elementor-element-3463286 elementor-widget elementor-widget-image\" data-id=\"3463286\" data-element_type=\"widget\" data-e-type=\"widget\" data-widget_type=\"image.default\">\n\t\t\t\t<div class=\"elementor-widget-container\">\n\t\t\t\t\t\t\t\t\t\t\t\t\t\t\t<img fetchpriority=\"high\" decoding=\"async\" width=\"300\" height=\"224\" src=\"https:\/\/zauberpfoten-spuernasen.de\/wp-content\/uploads\/2024\/12\/Screenshot_20210729-110140-e1734869592837-300x224.png\" class=\"attachment-medium size-medium wp-image-464\" alt=\"\" srcset=\"https:\/\/zauberpfoten-spuernasen.de\/wp-content\/uploads\/2024\/12\/Screenshot_20210729-110140-e1734869592837-300x224.png 300w, https:\/\/zauberpfoten-spuernasen.de\/wp-content\/uploads\/2024\/12\/Screenshot_20210729-110140-e1734869592837-1024x764.png 1024w, https:\/\/zauberpfoten-spuernasen.de\/wp-content\/uploads\/2024\/12\/Screenshot_20210729-110140-e1734869592837-768x573.png 768w, https:\/\/zauberpfoten-spuernasen.de\/wp-content\/uploads\/2024\/12\/Screenshot_20210729-110140-e1734869592837.png 1080w\" sizes=\"(max-width: 300px) 100vw, 300px\" \/>\t\t\t\t\t\t\t\t\t\t\t\t\t\t\t<\/div>\n\t\t\t\t<\/div>\n\t\t\t\t<div class=\"elementor-element elementor-element-274b8ec elementor-widget elementor-widget-spacer\" data-id=\"274b8ec\" data-element_type=\"widget\" data-e-type=\"widget\" data-widget_type=\"spacer.default\">\n\t\t\t\t<div class=\"elementor-widget-container\">\n\t\t\t\t\t\t\t<div class=\"elementor-spacer\">\n\t\t\t<div class=\"elementor-spacer-inner\"><\/div>\n\t\t<\/div>\n\t\t\t\t\t\t<\/div>\n\t\t\t\t<\/div>\n\t\t\t\t<div class=\"elementor-element elementor-element-dd0a61f elementor-widget elementor-widget-text-editor\" data-id=\"dd0a61f\" data-element_type=\"widget\" data-e-type=\"widget\" data-widget_type=\"text-editor.default\">\n\t\t\t\t<div class=\"elementor-widget-container\">\n\t\t\t\t\t\t\t\t\t<p>Mit meiner Hundeschule m\u00f6chte ich Dir individuell helfen ein harmonisches Leben mit deinem Vierbeiner zu f\u00fchren und Euch gemeinsam fit f\u00fcr den Alltag zu machen. Damit dies gelingen kann, gibt es nicht den einen richtigen Weg. Es gibt viele Wege und Methoden, um das von dir gew\u00fcnschte Ziel zu erreichen. Unsere Hunde sind sehr vielf\u00e4ltige Individuen, so dass bei Hund A Weg A super funktioniert aber bei Hund B genau das Gegenteil bewirkt. Daher biete ich jedem von euch individuelle und bed\u00fcrfnisorientierte L\u00f6sungen und Trainingsmethoden an.\u00a0<\/p><p>Wichtig ist mir hierbei das ganzheitliche Wohlbefinden des Mensch-Hund-Teams. W\u00e4hrend des Trainings lege ich sehr gro\u00dfen Wert darauf, den Hund artgerecht auszubilden. Dass hei\u00dft, dass ich Abstand von Verst\u00f6\u00dfen gegen das Tierschutzgesetz, Gewalt, Schmerzen, Zwang, Bestrafungen jeglicher Art und Flooding (Reiz\u00fcberflutung) nehme. Dies sind keine modernen Ausbildungsmethoden, sondern nur eine Qual f\u00fcr unsere vierbeinigen Freunde.<\/p><p>Zauberpfoten &amp; Sp\u00fcrnasen ist eine Hundeschule f\u00fcr Hunde jeder Rasse und jeden Alters. Jeder ist willkommen und f\u00fcr jeden wird nach einer passenden L\u00f6sung gesucht. Auch f\u00fcr Menschen, die derzeit noch keinen Hund haben, stehe ich zur Verf\u00fcgung und berate kompetent zum Thema Hund. Au\u00dferdem liegen mir Assistenzhunde und Menschen, die sich f\u00fcr so einen wertvollen Begleiter interessieren sehr am Herzen, sodass ich auch hier f\u00fcr Euch da bin.<\/p><p>Aber woher habe ich das wissen? Zum einen durch meine qualifizierte Ausbildung zur Hunde- und Assistenzhundetrainerin bei der ATN. Zum anderen durch Praktika in verschiedenen Hundeschulen und dem regelm\u00e4\u00dfigen Erfahrungsaustausch mit erfahrenen Trainern\/-innen.<\/p><p>Du bist Dir dennoch unsicher oder m\u00f6chtest noch mehr erfahren? Kein Problem! Vereinbare doch einfach einen Kennlerntermin und lerne mich ganz unverbindlich pers\u00f6nlich kennen.\u00a0<\/p><p>Ich freue mich darauf Dich und Deinen Vierbeiner kennenzulernen.<\/p>\t\t\t\t\t\t\t\t<\/div>\n\t\t\t\t<\/div>\n\t\t\t\t<\/div>\n\t\t<div class=\"elementor-element elementor-element-86c321f e-con-full e-flex e-con e-child\" data-id=\"86c321f\" data-element_type=\"container\" data-e-type=\"container\">\n\t\t\t\t<\/div>\n\t\t\t\t\t<\/div>\n\t\t\t\t<\/div>\n\t\t\t\t<\/div>\n\t\t","protected":false},"excerpt":{"rendered":"<p>Mittlerweile gibt es sehr viele Hundeschulen \/ Hundetrainer in Deutschland. Da stelle ich mir als Hundebesitzer doch ein paar Fragen: Passt das Team von \u201eZauberpfoten &amp; Sp\u00fcrnasen\u201c zu mir und [&hellip;]<\/p>\n","protected":false},"author":1,"featured_media":0,"parent":0,"menu_order":0,"comment_status":"closed","ping_status":"closed","template":"","meta":{"footnotes":""},"class_list":["post-462","page","type-page","status-publish","hentry"],"_links":{"self":[{"href":"https:\/\/zauberpfoten-spuernasen.de\/index.php?rest_route=\/wp\/v2\/pages\/462","targetHints":{"allow":["GET"]}}],"collection":[{"href":"https:\/\/zauberpfoten-spuernasen.de\/index.php?rest_route=\/wp\/v2\/pages"}],"about":[{"href":"https:\/\/zauberpfoten-spuernasen.de\/index.php?rest_route=\/wp\/v2\/types\/page"}],"author":[{"embeddable":true,"href":"https:\/\/zauberpfoten-spuernasen.de\/index.php?rest_route=\/wp\/v2\/users\/1"}],"replies":[{"embeddable":true,"href":"https:\/\/zauberpfoten-spuernasen.de\/index.php?rest_route=%2Fwp%2Fv2%2Fcomments&post=462"}],"version-history":[{"count":10,"href":"https:\/\/zauberpfoten-spuernasen.de\/index.php?rest_route=\/wp\/v2\/pages\/462\/revisions"}],"predecessor-version":[{"id":473,"href":"https:\/\/zauberpfoten-spuernasen.de\/index.php?rest_route=\/wp\/v2\/pages\/462\/revisions\/473"}],"wp:attachment":[{"href":"https:\/\/zauberpfoten-spuernasen.de\/index.php?rest_route=%2Fwp%2Fv2%2Fmedia&parent=462"}],"curies":[{"name":"wp","href":"https:\/\/api.w.org\/{rel}","templated":true}]}}