{"id":285,"date":"2024-10-14T11:19:44","date_gmt":"2024-10-14T11:19:44","guid":{"rendered":"https:\/\/zauberpfoten-spuernasen.de\/?page_id=285"},"modified":"2025-05-13T17:06:28","modified_gmt":"2025-05-13T16:06:28","slug":"uebermich","status":"publish","type":"page","link":"https:\/\/zauberpfoten-spuernasen.de\/?page_id=285","title":{"rendered":"\u00dcber Mich"},"content":{"rendered":"\t\t<div data-elementor-type=\"wp-page\" data-elementor-id=\"285\" class=\"elementor elementor-285\" data-elementor-post-type=\"page\">\n\t\t\t\t<div class=\"elementor-element elementor-element-4b2f8f4 e-flex e-con-boxed e-con e-parent\" data-id=\"4b2f8f4\" data-element_type=\"container\" data-e-type=\"container\">\n\t\t\t\t\t<div class=\"e-con-inner\">\n\t\t\t\t<div class=\"elementor-element elementor-element-3b8d276 elementor-widget elementor-widget-spacer\" data-id=\"3b8d276\" data-element_type=\"widget\" data-e-type=\"widget\" data-widget_type=\"spacer.default\">\n\t\t\t\t<div class=\"elementor-widget-container\">\n\t\t\t\t\t\t\t<div class=\"elementor-spacer\">\n\t\t\t<div class=\"elementor-spacer-inner\"><\/div>\n\t\t<\/div>\n\t\t\t\t\t\t<\/div>\n\t\t\t\t<\/div>\n\t\t<div class=\"elementor-element elementor-element-dad9115 e-con-full e-flex e-con e-child\" data-id=\"dad9115\" data-element_type=\"container\" data-e-type=\"container\">\n\t\t\t\t<div class=\"elementor-element elementor-element-4bdc595 elementor-widget__width-initial elementor-widget elementor-widget-heading\" data-id=\"4bdc595\" data-element_type=\"widget\" data-e-type=\"widget\" data-widget_type=\"heading.default\">\n\t\t\t\t<div class=\"elementor-widget-container\">\n\t\t\t\t\t<h2 class=\"elementor-heading-title elementor-size-default\">Herzlich Willkommen bei Zauberpfoten &amp; Sp\u00fcrnasen<\/h2>\t\t\t\t<\/div>\n\t\t\t\t<\/div>\n\t\t\t\t<div class=\"elementor-element elementor-element-15e8b10 elementor-widget elementor-widget-spacer\" data-id=\"15e8b10\" data-element_type=\"widget\" data-e-type=\"widget\" data-widget_type=\"spacer.default\">\n\t\t\t\t<div class=\"elementor-widget-container\">\n\t\t\t\t\t\t\t<div class=\"elementor-spacer\">\n\t\t\t<div class=\"elementor-spacer-inner\"><\/div>\n\t\t<\/div>\n\t\t\t\t\t\t<\/div>\n\t\t\t\t<\/div>\n\t\t\t\t<div class=\"elementor-element elementor-element-a6be6ff elementor-widget elementor-widget-text-editor\" data-id=\"a6be6ff\" data-element_type=\"widget\" data-e-type=\"widget\" data-widget_type=\"text-editor.default\">\n\t\t\t\t<div class=\"elementor-widget-container\">\n\t\t\t\t\t\t\t\t\t<p>Ich freue mich, dass Du meine Website besucht und hoffe, dass ich Dich so von meiner Arbeit begeistern kann, dass ich bald von Dir h\u00f6ren werde.<\/p><p>Mein Name ist Janina Wilckens, ich wurde 1997 geboren und habe 2022 die Ausbildung zur Hunde- sowie Assistenzhundetrainerin bei der ATN AG (<a href=\"https:\/\/atn-akademie.com\/\" target=\"_blank\" rel=\"noopener\">Akademie f\u00fcr angewandte Tierpsychologie und Tierverhaltenstraining<\/a>) gestartet. Seit November 2024 bin ich gepr\u00fcfte Hundetrainerin und seit Dezember 2024 gem\u00e4\u00df \u00a711 Tierschutzgesetz zugelassen.<\/p><p>Im Kindesalter hatte ich immer panische Angst vor Hunden. In den D\u00f6rfern wurden Hunde fr\u00fcher h\u00e4ufig als Hofhunde gehalten, weshalb sie nur wenig Erziehung genie\u00dfen d\u00fcrfen. Sie dienten haupts\u00e4chlich dazu da waren wache zu halten und Alarm zu schlagen, wenn sich jemand fremdes dem Hof n\u00e4hrte. Dies war absolut nichts f\u00fcr mich, sodass ich immer einen gro\u00dfen Bogen um Hunde machte.<\/p><p>Jedoch \u00e4nderte sich dies im Jahr 2017 als Sancho bei mir einzog.<\/p><p>Mein Arzt legte mir, auf Grund meiner starke Hypo- und Hyperglyk\u00e4mie-Wahrnehmungsst\u00f6rung, nahe \u00fcber einen Assistenzhund nachzudenken, welcher mich warnt, bevor etwas passiert. Anfangs war ich nicht begeistert davon. Nichtsdestotrotz habe ich angefangen mich ausf\u00fchrlich \u00fcber die Ausbildung eines solchen Hundes zu informieren, mit Trainern Kontakt aufgenommen, mit anderen Hundehaltern gesprochen und schlussendlich nach einem zu mir passenden Hund gesucht. Dies war jedoch gar nicht so leicht, wenn man so viele verschiedene Faktoren bedenken muss.<\/p><p>Ein halbes Jahr sp\u00e4ter war es dann so weit und Sancho zog bei mir ein. Seine Ausbildung zum Assistenzhund machte uns gro\u00dfen Spa\u00df und er bestand seine Pr\u00fcfung bereits nach einem \u00be Jahr Training.<\/p><p>Sancho hat mir gezeigt, wie wertvoll das Leben sein kann. <strong>Mit einem Freund an seiner Seite der vier Pfoten und Fell hat!<\/strong><\/p><p>Ob als Familienhund oder Assistenzhund ist dabei erst einmal zweitrangig.<\/p><p>F\u00fcr diese wertvolle Freundschaft zwischen Menschen und Hunden braucht es ein gutes, freundliches, respektvolles und gl\u00fcckliches Miteinander. Genau hierbei m\u00f6chte ich Euch mit dem gezieltem und individuellen Training unterst\u00fctzen. F\u00fcr eine sch\u00f6ne und lange Zeit mit eurem Hund, spielt allerdings nicht nur das Training eine Rolle sondern genauso wichtig, ist die richtige Ern\u00e4hrung. Mangelerscheinungen oder eine \u00dcberversorgung mit Vitaminen, Mineralstoffen und Spurenelementen k\u00f6nnen die Gesundheit deines Hundes erheblich beeinflussen \u2013 und damit auch sein Verhalten und den Trainingserfolg.<\/p><p>Damit alles gut geplant ist, auch bevor dein Vierbeiner bei dir einzieht, stehe ich dir mit Rat und Tat zur Seite. Ich freue mich darauf, dich und deinen Hund auf diesem Weg zu begleiten!<\/p>\t\t\t\t\t\t\t\t<\/div>\n\t\t\t\t<\/div>\n\t\t\t\t<\/div>\n\t\t<div class=\"elementor-element elementor-element-20520d2 e-con-full e-flex e-con e-child\" data-id=\"20520d2\" data-element_type=\"container\" data-e-type=\"container\">\n\t\t\t\t<div class=\"elementor-element elementor-element-d474a8a elementor-widget elementor-widget-image\" data-id=\"d474a8a\" data-element_type=\"widget\" data-e-type=\"widget\" data-widget_type=\"image.default\">\n\t\t\t\t<div class=\"elementor-widget-container\">\n\t\t\t\t\t\t\t\t\t\t\t\t\t\t\t<img fetchpriority=\"high\" decoding=\"async\" width=\"682\" height=\"1024\" src=\"https:\/\/zauberpfoten-spuernasen.de\/wp-content\/uploads\/2024\/08\/WhatsApp-Image-2024-08-11-at-12.53.44-e1723380432328-682x1024.jpeg\" class=\"attachment-large size-large wp-image-96\" alt=\"\" srcset=\"https:\/\/zauberpfoten-spuernasen.de\/wp-content\/uploads\/2024\/08\/WhatsApp-Image-2024-08-11-at-12.53.44-e1723380432328-682x1024.jpeg 682w, https:\/\/zauberpfoten-spuernasen.de\/wp-content\/uploads\/2024\/08\/WhatsApp-Image-2024-08-11-at-12.53.44-e1723380432328-200x300.jpeg 200w, https:\/\/zauberpfoten-spuernasen.de\/wp-content\/uploads\/2024\/08\/WhatsApp-Image-2024-08-11-at-12.53.44-e1723380432328-768x1152.jpeg 768w, https:\/\/zauberpfoten-spuernasen.de\/wp-content\/uploads\/2024\/08\/WhatsApp-Image-2024-08-11-at-12.53.44-e1723380432328.jpeg 921w\" sizes=\"(max-width: 682px) 100vw, 682px\" \/>\t\t\t\t\t\t\t\t\t\t\t\t\t\t\t<\/div>\n\t\t\t\t<\/div>\n\t\t\t\t<\/div>\n\t\t\t\t\t<\/div>\n\t\t\t\t<\/div>\n\t\t<div class=\"elementor-element elementor-element-479396e e-flex e-con-boxed e-con e-parent\" data-id=\"479396e\" data-element_type=\"container\" data-e-type=\"container\" data-settings=\"{&quot;background_background&quot;:&quot;classic&quot;}\">\n\t\t\t\t\t<div class=\"e-con-inner\">\n\t\t\t\t<div class=\"elementor-element elementor-element-7b29ef5 elementor-widget__width-initial elementor-widget elementor-widget-spacer\" data-id=\"7b29ef5\" data-element_type=\"widget\" data-e-type=\"widget\" data-widget_type=\"spacer.default\">\n\t\t\t\t<div class=\"elementor-widget-container\">\n\t\t\t\t\t\t\t<div class=\"elementor-spacer\">\n\t\t\t<div class=\"elementor-spacer-inner\"><\/div>\n\t\t<\/div>\n\t\t\t\t\t\t<\/div>\n\t\t\t\t<\/div>\n\t\t<div class=\"elementor-element elementor-element-b3ac18c e-con-full e-flex e-con e-child\" data-id=\"b3ac18c\" data-element_type=\"container\" data-e-type=\"container\">\n\t\t\t\t<div class=\"elementor-element elementor-element-5813aed elementor-widget elementor-widget-heading\" data-id=\"5813aed\" data-element_type=\"widget\" data-e-type=\"widget\" data-widget_type=\"heading.default\">\n\t\t\t\t<div class=\"elementor-widget-container\">\n\t\t\t\t\t<h2 class=\"elementor-heading-title elementor-size-default\">Lebenslauf<\/h2>\t\t\t\t<\/div>\n\t\t\t\t<\/div>\n\t\t\t\t<div class=\"elementor-element elementor-element-8252473 elementor-widget elementor-widget-spacer\" data-id=\"8252473\" data-element_type=\"widget\" data-e-type=\"widget\" data-widget_type=\"spacer.default\">\n\t\t\t\t<div class=\"elementor-widget-container\">\n\t\t\t\t\t\t\t<div class=\"elementor-spacer\">\n\t\t\t<div class=\"elementor-spacer-inner\"><\/div>\n\t\t<\/div>\n\t\t\t\t\t\t<\/div>\n\t\t\t\t<\/div>\n\t\t\t\t<div class=\"elementor-element elementor-element-a966858 elementor-widget elementor-widget-heading\" data-id=\"a966858\" data-element_type=\"widget\" data-e-type=\"widget\" data-widget_type=\"heading.default\">\n\t\t\t\t<div class=\"elementor-widget-container\">\n\t\t\t\t\t<h6 class=\"elementor-heading-title elementor-size-default\">2022-2024<\/h6>\t\t\t\t<\/div>\n\t\t\t\t<\/div>\n\t\t\t\t<div class=\"elementor-element elementor-element-090c493 elementor-widget elementor-widget-text-editor\" data-id=\"090c493\" data-element_type=\"widget\" data-e-type=\"widget\" data-widget_type=\"text-editor.default\">\n\t\t\t\t<div class=\"elementor-widget-container\">\n\t\t\t\t\t\t\t\t\t<p>Ausbildung zur Hundetrainerin bei der ATN AG<\/p>\t\t\t\t\t\t\t\t<\/div>\n\t\t\t\t<\/div>\n\t\t\t\t<div class=\"elementor-element elementor-element-9cb5ea5 elementor-widget elementor-widget-heading\" data-id=\"9cb5ea5\" data-element_type=\"widget\" data-e-type=\"widget\" data-widget_type=\"heading.default\">\n\t\t\t\t<div class=\"elementor-widget-container\">\n\t\t\t\t\t<h6 class=\"elementor-heading-title elementor-size-default\">09\/2022-02\/2023<\/h6>\t\t\t\t<\/div>\n\t\t\t\t<\/div>\n\t\t\t\t<div class=\"elementor-element elementor-element-c86709d elementor-widget elementor-widget-text-editor\" data-id=\"c86709d\" data-element_type=\"widget\" data-e-type=\"widget\" data-widget_type=\"text-editor.default\">\n\t\t\t\t<div class=\"elementor-widget-container\">\n\t\t\t\t\t\t\t\t\t<p>Praktikum in einer Hundeschule in Hildesheim<\/p>\t\t\t\t\t\t\t\t<\/div>\n\t\t\t\t<\/div>\n\t\t\t\t<div class=\"elementor-element elementor-element-92c4818 elementor-widget elementor-widget-heading\" data-id=\"92c4818\" data-element_type=\"widget\" data-e-type=\"widget\" data-widget_type=\"heading.default\">\n\t\t\t\t<div class=\"elementor-widget-container\">\n\t\t\t\t\t<h6 class=\"elementor-heading-title elementor-size-default\">Seit 2023<\/h6>\t\t\t\t<\/div>\n\t\t\t\t<\/div>\n\t\t\t\t<div class=\"elementor-element elementor-element-0a6e09e elementor-widget elementor-widget-text-editor\" data-id=\"0a6e09e\" data-element_type=\"widget\" data-e-type=\"widget\" data-widget_type=\"text-editor.default\">\n\t\t\t\t<div class=\"elementor-widget-container\">\n\t\t\t\t\t\t\t\t\t<p>Praktika bei verschiedenen Trainer\/innen und regelm\u00e4\u00dfiger Erfahrungsaustausch<\/p>\t\t\t\t\t\t\t\t<\/div>\n\t\t\t\t<\/div>\n\t\t\t\t<div class=\"elementor-element elementor-element-b39a56a elementor-widget elementor-widget-heading\" data-id=\"b39a56a\" data-element_type=\"widget\" data-e-type=\"widget\" data-widget_type=\"heading.default\">\n\t\t\t\t<div class=\"elementor-widget-container\">\n\t\t\t\t\t<h6 class=\"elementor-heading-title elementor-size-default\">02\/2023-04\/2024<\/h6>\t\t\t\t<\/div>\n\t\t\t\t<\/div>\n\t\t\t\t<div class=\"elementor-element elementor-element-fc9aa77 elementor-widget elementor-widget-text-editor\" data-id=\"fc9aa77\" data-element_type=\"widget\" data-e-type=\"widget\" data-widget_type=\"text-editor.default\">\n\t\t\t\t<div class=\"elementor-widget-container\">\n\t\t\t\t\t\t\t\t\t<p>Ausbildung meines Hundes Bilbo zum Assistenzhund<\/p>\t\t\t\t\t\t\t\t<\/div>\n\t\t\t\t<\/div>\n\t\t\t\t<div class=\"elementor-element elementor-element-050fe1b elementor-widget elementor-widget-heading\" data-id=\"050fe1b\" data-element_type=\"widget\" data-e-type=\"widget\" data-widget_type=\"heading.default\">\n\t\t\t\t<div class=\"elementor-widget-container\">\n\t\t\t\t\t<h6 class=\"elementor-heading-title elementor-size-default\">08\/2024<\/h6>\t\t\t\t<\/div>\n\t\t\t\t<\/div>\n\t\t\t\t<div class=\"elementor-element elementor-element-c76e974 elementor-widget elementor-widget-text-editor\" data-id=\"c76e974\" data-element_type=\"widget\" data-e-type=\"widget\" data-widget_type=\"text-editor.default\">\n\t\t\t\t<div class=\"elementor-widget-container\">\n\t\t\t\t\t\t\t\t\t<p>schriftliche Pr\u00fcfung zur Hundetrainerin bestanden<\/p>\t\t\t\t\t\t\t\t<\/div>\n\t\t\t\t<\/div>\n\t\t\t\t<div class=\"elementor-element elementor-element-3b9abbc elementor-widget elementor-widget-heading\" data-id=\"3b9abbc\" data-element_type=\"widget\" data-e-type=\"widget\" data-widget_type=\"heading.default\">\n\t\t\t\t<div class=\"elementor-widget-container\">\n\t\t\t\t\t<h6 class=\"elementor-heading-title elementor-size-default\">11\/2024<\/h6>\t\t\t\t<\/div>\n\t\t\t\t<\/div>\n\t\t\t\t<div class=\"elementor-element elementor-element-442baa0 elementor-widget elementor-widget-text-editor\" data-id=\"442baa0\" data-element_type=\"widget\" data-e-type=\"widget\" data-widget_type=\"text-editor.default\">\n\t\t\t\t<div class=\"elementor-widget-container\">\n\t\t\t\t\t\t\t\t\t<p>praktisch-m\u00fcndliche Pr\u00fcfung zur Hundetrainerin bestanden<\/p>\t\t\t\t\t\t\t\t<\/div>\n\t\t\t\t<\/div>\n\t\t\t\t<div class=\"elementor-element elementor-element-61c31d3 elementor-widget elementor-widget-heading\" data-id=\"61c31d3\" data-element_type=\"widget\" data-e-type=\"widget\" data-widget_type=\"heading.default\">\n\t\t\t\t<div class=\"elementor-widget-container\">\n\t\t\t\t\t<h6 class=\"elementor-heading-title elementor-size-default\">12\/2024<\/h6>\t\t\t\t<\/div>\n\t\t\t\t<\/div>\n\t\t\t\t<div class=\"elementor-element elementor-element-6cdb760 elementor-widget elementor-widget-text-editor\" data-id=\"6cdb760\" data-element_type=\"widget\" data-e-type=\"widget\" data-widget_type=\"text-editor.default\">\n\t\t\t\t<div class=\"elementor-widget-container\">\n\t\t\t\t\t\t\t\t\t<p>Erhalt der Erlaubnis nach \u00a7 11 Tierschutzgesetz durch das Veterin\u00e4ramt Uelzen<\/p>\t\t\t\t\t\t\t\t<\/div>\n\t\t\t\t<\/div>\n\t\t\t\t<\/div>\n\t\t<div class=\"elementor-element elementor-element-efe0cc3 e-con-full e-flex e-con e-child\" data-id=\"efe0cc3\" data-element_type=\"container\" data-e-type=\"container\">\n\t\t\t\t<\/div>\n\t\t\t\t\t<\/div>\n\t\t\t\t<\/div>\n\t\t\t\t<\/div>\n\t\t","protected":false},"excerpt":{"rendered":"<p>Herzlich Willkommen bei Zauberpfoten &#038; Sp\u00fcrnasen Ich freue mich, dass Du meine Website besucht und hoffe, dass ich Dich so von meiner Arbeit begeistern kann, dass ich bald von Dir [&hellip;]<\/p>\n","protected":false},"author":1,"featured_media":0,"parent":0,"menu_order":0,"comment_status":"closed","ping_status":"closed","template":"","meta":{"footnotes":""},"class_list":["post-285","page","type-page","status-publish","hentry"],"_links":{"self":[{"href":"https:\/\/zauberpfoten-spuernasen.de\/index.php?rest_route=\/wp\/v2\/pages\/285","targetHints":{"allow":["GET"]}}],"collection":[{"href":"https:\/\/zauberpfoten-spuernasen.de\/index.php?rest_route=\/wp\/v2\/pages"}],"about":[{"href":"https:\/\/zauberpfoten-spuernasen.de\/index.php?rest_route=\/wp\/v2\/types\/page"}],"author":[{"embeddable":true,"href":"https:\/\/zauberpfoten-spuernasen.de\/index.php?rest_route=\/wp\/v2\/users\/1"}],"replies":[{"embeddable":true,"href":"https:\/\/zauberpfoten-spuernasen.de\/index.php?rest_route=%2Fwp%2Fv2%2Fcomments&post=285"}],"version-history":[{"count":39,"href":"https:\/\/zauberpfoten-spuernasen.de\/index.php?rest_route=\/wp\/v2\/pages\/285\/revisions"}],"predecessor-version":[{"id":701,"href":"https:\/\/zauberpfoten-spuernasen.de\/index.php?rest_route=\/wp\/v2\/pages\/285\/revisions\/701"}],"wp:attachment":[{"href":"https:\/\/zauberpfoten-spuernasen.de\/index.php?rest_route=%2Fwp%2Fv2%2Fmedia&parent=285"}],"curies":[{"name":"wp","href":"https:\/\/api.w.org\/{rel}","templated":true}]}}